


{"id":107,"date":"2017-05-31T09:47:20","date_gmt":"2017-05-31T12:47:20","guid":{"rendered":"https:\/\/seminariojurisprudencial.unpaz.edu.ar\/?page_id=107"},"modified":"2017-05-31T09:47:20","modified_gmt":"2017-05-31T12:47:20","slug":"quienes-somos","status":"publish","type":"page","link":"https:\/\/seminariojurisprudencial.unpaz.edu.ar\/?page_id=107","title":{"rendered":"Quienes somos"},"content":{"rendered":"<p>El Seminario Permanente de An\u00e1lisis Jurisprudencial de la Corte Suprema de Justicia de la Naci\u00f3n (CSJN), perteneciente a la carrera de Abogac\u00eda de la UNPAZ, se propone como un espacio plural, abierto al debate de toda la comunidad con encuentros presenciales mensuales en los que se discute en torno a distintos fallos del Alto Tribunal en casos de actualidad.<br \/>\nEl objetivo de este seminario es estimular la participaci\u00f3n de los estudiantes, y la comunidad universitaria en su conjunto, para pensar el derecho y analizar la jurisprudencia de la CSJN, partiendo de la premisa de que no existen respuestas \u00fanicas, correctas e inamovibles para los distintos casos, sino argumentos que siempre ser\u00e1n factibles de debate y discusi\u00f3n.<\/p>\n<h1>Docentes de la materia An\u00e1lisis Jurisprudencial de la CSJN<\/h1>\n<p>Ab. Federico Gast\u00f3n Thea<br \/>\nAb. Gonzalo Kodelia<br \/>\nAb. Dar\u00edo Kusinsky<br \/>\nAb. Leo Limanski<br \/>\nAb. Fabio S\u00e1nchez<br \/>\nAb. Alejandro Garc\u00eda<br \/>\nAb. Dami\u00e1n Iglesias Seifert<br \/>\nAb. Juan Stinco<br \/>\nAb. Santiago P\u00e9rez Teruel<br \/>\nAb. Juan Jose Carbajales<br \/>\nAb. Bel\u00e9n Donzelli<br \/>\nAb. Ariana Garrido<\/p>\n","protected":false},"excerpt":{"rendered":"<p class=\"post-excerpt\">El Seminario Permanente de An\u00e1lisis Jurisprudencial de la Corte Suprema de Justicia de la Naci\u00f3n (CSJN), perteneciente a la carrera&hellip;<\/p>\n<div class=\"link-more\"><a href=\"https:\/\/seminariojurisprudencial.unpaz.edu.ar\/?page_id=107\">Continuar Leyendo<span class=\"screen-reader-text\"> \"Quienes somos\"<\/span>&hellip;<\/a><\/div>","protected":false},"author":1,"featured_media":0,"parent":0,"menu_order":0,"comment_status":"closed","ping_status":"closed","template":"","meta":[],"_links":{"self":[{"href":"https:\/\/seminariojurisprudencial.unpaz.edu.ar\/index.php?rest_route=\/wp\/v2\/pages\/107"}],"collection":[{"href":"https:\/\/seminariojurisprudencial.unpaz.edu.ar\/index.php?rest_route=\/wp\/v2\/pages"}],"about":[{"href":"https:\/\/seminariojurisprudencial.unpaz.edu.ar\/index.php?rest_route=\/wp\/v2\/types\/page"}],"author":[{"embeddable":true,"href":"https:\/\/seminariojurisprudencial.unpaz.edu.ar\/index.php?rest_route=\/wp\/v2\/users\/1"}],"replies":[{"embeddable":true,"href":"https:\/\/seminariojurisprudencial.unpaz.edu.ar\/index.php?rest_route=%2Fwp%2Fv2%2Fcomments&post=107"}],"version-history":[{"count":0,"href":"https:\/\/seminariojurisprudencial.unpaz.edu.ar\/index.php?rest_route=\/wp\/v2\/pages\/107\/revisions"}],"wp:attachment":[{"href":"https:\/\/seminariojurisprudencial.unpaz.edu.ar\/index.php?rest_route=%2Fwp%2Fv2%2Fmedia&parent=107"}],"curies":[{"name":"wp","href":"https:\/\/api.w.org\/{rel}","templated":true}]}}